{"id":5428,"date":"2022-06-14T18:59:20","date_gmt":"2022-06-14T18:59:20","guid":{"rendered":"https:\/\/iris3.net\/psicologia\/"},"modified":"2025-06-09T16:40:26","modified_gmt":"2025-06-09T16:40:26","slug":"psicologia","status":"publish","type":"page","link":"https:\/\/iris3.net\/es\/psicologia\/","title":{"rendered":"Psicolog\u00eda"},"content":{"rendered":"<p>[et_pb_section fb_built=\u00bb1&#8243; fullwidth=\u00bbon\u00bb admin_label=\u00bbHeader\u00bb _builder_version=\u00bb4.17.4&#8243; _module_preset=\u00bbdefault\u00bb background_image=\u00bbhttps:\/\/iris3.net\/wp-content\/uploads\/2021\/10\/church-16.jpg\u00bb parallax=\u00bbon\u00bb global_colors_info=\u00bb{}\u00bb][et_pb_fullwidth_header title=\u00bbPsicolog\u00eda &#8211; Psicoterapia\u00bb text_orientation=\u00bbcenter\u00bb button_two_text=\u00bbDona ahora\u00bb button_two_url=\u00bbhttps:\/\/www.paypal.com\/donate\/?hosted_button_id=4ZFH2BAEW7NM2&#8243; _builder_version=\u00bb4.27.4&#8243; _module_preset=\u00bbdefault\u00bb title_font=\u00bbDidact Gothic|||on|||||\u00bb title_font_size=\u00bb60px\u00bb title_line_height=\u00bb1.3em\u00bb content_font=\u00bb||||||||\u00bb content_font_size=\u00bb16px\u00bb content_line_height=\u00bb2em\u00bb subhead_font=\u00bbDidact Gothic||||||||\u00bb subhead_font_size=\u00bb20px\u00bb subhead_line_height=\u00bb1.8em\u00bb background_color=\u00bbrgba(0,0,0,0)\u00bb use_background_color_gradient=\u00bbon\u00bb background_color_gradient_type=\u00bbcircular\u00bb background_color_gradient_stops=\u00bbrgba(102,133,221,0.37) 0%|rgba(31,31,71,0.81) 53%\u00bb background_color_gradient_start=\u00bbrgba(102,133,221,0.37)\u00bb background_color_gradient_end=\u00bbrgba(31,31,71,0.81)\u00bb background_color_gradient_end_position=\u00bb53%\u00bb background_image=\u00bbhttps:\/\/iris3.net\/wp-content\/uploads\/2022\/06\/Psicologia.jpeg\u00bb parallax=\u00bbon\u00bb custom_button_one=\u00bbon\u00bb button_one_text_size=\u00bb16px\u00bb button_one_text_color=\u00bb#ffffff\u00bb button_one_bg_color=\u00bb#a0beef\u00bb button_one_border_width=\u00bb8px\u00bb button_one_border_color=\u00bbrgba(0,0,0,0)\u00bb button_one_border_radius=\u00bb0px\u00bb button_one_letter_spacing=\u00bb3px\u00bb button_one_font=\u00bbDidact Gothic|700||on|||||\u00bb button_one_use_icon=\u00bboff\u00bb custom_button_two=\u00bbon\u00bb button_two_text_size=\u00bb16px\u00bb button_two_text_color=\u00bb#34587c\u00bb button_two_bg_color=\u00bb#ffffff\u00bb button_two_border_width=\u00bb8px\u00bb button_two_border_color=\u00bbrgba(0,0,0,0)\u00bb button_two_border_radius=\u00bb0px\u00bb button_two_letter_spacing=\u00bb3px\u00bb button_two_font=\u00bbDidact Gothic|700||on|||||\u00bb button_two_use_icon=\u00bboff\u00bb custom_padding=\u00bb10vw||20vw\u00bb custom_padding_tablet=\u00bb\u00bb custom_padding_phone=\u00bb||80px\u00bb custom_padding_last_edited=\u00bbon|phone\u00bb animation_style=\u00bbfade\u00bb animation_starting_opacity=\u00bb45%\u00bb hover_enabled=\u00bb0&#8243; title_font_size_tablet=\u00bb40px\u00bb title_font_size_phone=\u00bb30px\u00bb title_font_size_last_edited=\u00bbon|phone\u00bb subhead_font_size_tablet=\u00bb\u00bb subhead_font_size_phone=\u00bb18px\u00bb subhead_font_size_last_edited=\u00bbon|phone\u00bb title_text_shadow_style=\u00bbpreset4&#8243; title_text_shadow_color=\u00bbrgba(0,0,0,0.62)\u00bb global_colors_info=\u00bb{}\u00bb sticky_enabled=\u00bb0&#8243;][\/et_pb_fullwidth_header][\/et_pb_section][et_pb_section fb_built=\u00bb1&#8243; _builder_version=\u00bb4.19.2&#8243; _module_preset=\u00bbdefault\u00bb global_colors_info=\u00bb{}\u00bb][et_pb_row _builder_version=\u00bb4.19.2&#8243; _module_preset=\u00bbdefault\u00bb global_colors_info=\u00bb{}\u00bb][et_pb_column type=\u00bb4_4&#8243; _builder_version=\u00bb4.19.2&#8243; _module_preset=\u00bbdefault\u00bb global_colors_info=\u00bb{}\u00bb][lwp_divi_breadcrumbs _builder_version=\u00bb4.19.2&#8243; _module_preset=\u00bbdefault\u00bb global_colors_info=\u00bb{}\u00bb][\/lwp_divi_breadcrumbs][\/et_pb_column][\/et_pb_row][\/et_pb_section][et_pb_section fb_built=\u00bb1&#8243; admin_label=\u00bbsection\u00bb _builder_version=\u00bb4.16&#8243; global_colors_info=\u00bb{}\u00bb][et_pb_row admin_label=\u00bbfila\u00bb _builder_version=\u00bb4.16&#8243; background_size=\u00bbinitial\u00bb background_position=\u00bbtop_left\u00bb background_repeat=\u00bbrepeat\u00bb global_colors_info=\u00bb{}\u00bb][et_pb_column type=\u00bb4_4&#8243; _builder_version=\u00bb4.16&#8243; custom_padding=\u00bb|||\u00bb global_colors_info=\u00bb{}\u00bb custom_padding__hover=\u00bb|||\u00bb][et_pb_text admin_label=\u00bbText\u00bb _builder_version=\u00bb4.27.4&#8243; background_size=\u00bbinitial\u00bb background_position=\u00bbtop_left\u00bb background_repeat=\u00bbrepeat\u00bb hover_enabled=\u00bb0&#8243; global_colors_info=\u00bb{}\u00bb text_text_color=\u00bb#000000&#8243; text_font_size=\u00bb21px\u00bb sticky_enabled=\u00bb0&#8243;]<\/p>\n<p>Adem\u00e1s de la presencia del instinto biol\u00f3gico, del pensamiento y del sentimiento, \u00bfqu\u00e9 caracteriza al ser humano sino su libertad, como derecho inalienable a su propio futuro? \u00bfD\u00f3nde reside en el hombre esta necesidad que va m\u00e1s all\u00e1 de la naturaleza animal? Adem\u00e1s, \u00bfla conciencia de la propia existencia no da al ser humano la conciencia de su propio valor? Es realmente con este valor propio, unido al impulso de la propia libertad, que afronta todas las dificultades de la vida y sus l\u00edmites, como nos lo muestra el estudio de la psicolog\u00eda humana y el acompa\u00f1amiento psicoterap\u00e9utico. La grandeza y la belleza del mundo interior presente en el ser humano \u00bfno exigen dentro de \u00e9l la presencia y el reconocimiento de otro mundo, el del esp\u00edritu, el de su alma espiritual? Es con ello que experimenta los l\u00edmites de la vida y los supera, yendo m\u00e1s all\u00e1 de lo puramente contingente y moment\u00e1neo, material y biol\u00f3gico.<\/p>\n<p><a href=\"https:\/\/www.paypal.com\/donate\/?hosted_button_id=4ZFH2BAEW7NM2\" target=\"_blank\" rel=\"noopener\"><span style=\"font-size: 17px;\"><img loading=\"lazy\" decoding=\"async\" src=\"https:\/\/iris3.net\/wp-content\/uploads\/2022\/06\/Indice.png\" width=\"62\" height=\"60\" alt=\"\" class=\"wp-image-4243 alignnone size-full\" style=\"display: block; margin-left: auto; margin-right: auto;\" \/><\/span><\/a><\/p>\n<p style=\"text-align: center;\"><a href=\"https:\/\/www.paypal.com\/donate\/?hosted_button_id=4ZFH2BAEW7NM2\" target=\"_blank\" rel=\"noopener\"><span style=\"color: #800000;\"><strong>SOSTIENE EL PROYECTO<\/strong><\/span><\/a><\/p>\n<p>&nbsp;<\/p>\n<p>&nbsp;<\/p>\n<p>&nbsp;<\/p>\n<p>&nbsp;<\/p>\n<p>&nbsp;<\/p>\n<p>&nbsp;<\/p>\n<div style=\"height: 100px;\" aria-hidden=\"true\" class=\"wp-block-spacer\"><\/div>\n<p>&nbsp;<\/p>\n<p>[\/et_pb_text][\/et_pb_column][\/et_pb_row][\/et_pb_section]<\/p>\n","protected":false},"excerpt":{"rendered":"<p><div class=\"et_pb_module lwp_divi_breadcrumbs lwp_divi_breadcrumbs_0\">\n\t\t\t\t\n\t\t\t\t\n\t\t\t\t\n\t\t\t\t\n\t\t\t\t\n\t\t\t\t\n\t\t\t\t<div class=\"et_pb_module_inner\">\n\t\t\t\t\t<div class=\"lwp-breadcrumbs\"> <span class=\"before\"><\/span> <span vocab=\"https:\/\/schema.org\/\" typeof=\"BreadcrumbList\"><span property=\"itemListElement\" typeof=\"ListItem\"><a property=\"item\" typeof=\"WebPage\" href=\"https:\/\/iris3.net\/es\/\" class=\"home\"><span property=\"name\">Home<\/span><\/a><meta property=\"position\" content=\"1\"><\/span> <span class=\"separator et-pb-icon\">&amp;#x39;<\/span> <\/span><\/div>\n\t\t\t\t<\/div>\n\t\t\t<\/div>Adem\u00e1s de la presencia del instinto biol\u00f3gico, del pensamiento y del sentimiento, \u00bfqu\u00e9 caracteriza al ser humano sino su libertad, como derecho inalienable a su propio futuro? \u00bfD\u00f3nde reside en el hombre esta necesidad que va m\u00e1s all\u00e1 de la naturaleza animal? Adem\u00e1s, \u00bfla conciencia de la propia existencia no da al [&hellip;]<\/p>\n","protected":false},"author":1,"featured_media":0,"parent":0,"menu_order":0,"comment_status":"closed","ping_status":"closed","template":"","meta":{"_et_pb_use_builder":"on","_et_pb_old_content":"","_et_gb_content_width":"","footnotes":""},"class_list":["post-5428","page","type-page","status-publish","hentry"],"_links":{"self":[{"href":"https:\/\/iris3.net\/es\/wp-json\/wp\/v2\/pages\/5428","targetHints":{"allow":["GET"]}}],"collection":[{"href":"https:\/\/iris3.net\/es\/wp-json\/wp\/v2\/pages"}],"about":[{"href":"https:\/\/iris3.net\/es\/wp-json\/wp\/v2\/types\/page"}],"author":[{"embeddable":true,"href":"https:\/\/iris3.net\/es\/wp-json\/wp\/v2\/users\/1"}],"replies":[{"embeddable":true,"href":"https:\/\/iris3.net\/es\/wp-json\/wp\/v2\/comments?post=5428"}],"version-history":[{"count":7,"href":"https:\/\/iris3.net\/es\/wp-json\/wp\/v2\/pages\/5428\/revisions"}],"predecessor-version":[{"id":6481,"href":"https:\/\/iris3.net\/es\/wp-json\/wp\/v2\/pages\/5428\/revisions\/6481"}],"wp:attachment":[{"href":"https:\/\/iris3.net\/es\/wp-json\/wp\/v2\/media?parent=5428"}],"curies":[{"name":"wp","href":"https:\/\/api.w.org\/{rel}","templated":true}]}}