{"id":5612,"date":"2022-07-01T15:09:56","date_gmt":"2022-07-01T15:09:56","guid":{"rendered":"https:\/\/iris3.net\/para-mas-informacion\/notas-y-documentos\/"},"modified":"2024-02-07T13:45:29","modified_gmt":"2024-02-07T13:45:29","slug":"notas-y-documentos","status":"publish","type":"page","link":"https:\/\/iris3.net\/es\/para-mas-informacion\/notas-y-documentos\/","title":{"rendered":"NOTAS Y DOCUMENTOS"},"content":{"rendered":"<p>[et_pb_section fb_built=\u00bb1&#8243; fullwidth=\u00bbon\u00bb admin_label=\u00bbHeader\u00bb _builder_version=\u00bb4.16&#8243; _module_preset=\u00bbdefault\u00bb background_image=\u00bbhttps:\/\/iris3.net\/wp-content\/uploads\/2021\/10\/church-16.jpg\u00bb parallax=\u00bbon\u00bb global_colors_info=\u00bb{}\u00bb][et_pb_fullwidth_header title=\u00bbNOTAS Y DOCUMENTOS\u00bb text_orientation=\u00bbcenter\u00bb button_two_text=\u00bbDonar ahora\u00bb button_two_url=\u00bbhttps:\/\/www.paypal.com\/donate\/?hosted_button_id=7RSM6MLMPYHGQ\u00bb _builder_version=\u00bb4.23.1&#8243; _module_preset=\u00bbdefault\u00bb title_font=\u00bbDidact Gothic|||on|||||\u00bb title_font_size=\u00bb60px\u00bb title_line_height=\u00bb1.3em\u00bb content_font=\u00bb||||||||\u00bb content_font_size=\u00bb16px\u00bb content_line_height=\u00bb2em\u00bb subhead_font=\u00bbDidact Gothic||||||||\u00bb subhead_font_size=\u00bb20px\u00bb subhead_line_height=\u00bb1.8em\u00bb background_color=\u00bbrgba(0,0,0,0)\u00bb use_background_color_gradient=\u00bbon\u00bb background_color_gradient_type=\u00bbcircular\u00bb background_color_gradient_stops=\u00bbrgba(102,133,221,0.37) 0%|rgba(31,31,71,0.81) 53%\u00bb background_color_gradient_start=\u00bbrgba(102,133,221,0.37)\u00bb background_color_gradient_end=\u00bbrgba(31,31,71,0.81)\u00bb background_color_gradient_end_position=\u00bb53%\u00bb background_image=\u00bbhttps:\/\/iris3.net\/wp-content\/uploads\/2021\/10\/uomo-e-cosmo-scaled.jpg\u00bb parallax=\u00bbon\u00bb custom_button_one=\u00bbon\u00bb button_one_text_size=\u00bb16px\u00bb button_one_text_color=\u00bb#ffffff\u00bb button_one_bg_color=\u00bb#a0beef\u00bb button_one_border_width=\u00bb8px\u00bb button_one_border_color=\u00bbrgba(0,0,0,0)\u00bb button_one_border_radius=\u00bb0px\u00bb button_one_letter_spacing=\u00bb3px\u00bb button_one_font=\u00bbDidact Gothic|700||on|||||\u00bb button_one_use_icon=\u00bboff\u00bb custom_button_two=\u00bbon\u00bb button_two_text_size=\u00bb16px\u00bb button_two_text_color=\u00bb#34587c\u00bb button_two_bg_color=\u00bb#ffffff\u00bb button_two_border_width=\u00bb8px\u00bb button_two_border_color=\u00bbrgba(0,0,0,0)\u00bb button_two_border_radius=\u00bb0px\u00bb button_two_letter_spacing=\u00bb3px\u00bb button_two_font=\u00bbDidact Gothic|700||on|||||\u00bb button_two_use_icon=\u00bboff\u00bb custom_padding=\u00bb10vw||20vw\u00bb custom_padding_tablet=\u00bb\u00bb custom_padding_phone=\u00bb||80px\u00bb custom_padding_last_edited=\u00bbon|phone\u00bb animation_style=\u00bbfade\u00bb animation_starting_opacity=\u00bb45%\u00bb link_option_url_new_window=\u00bbon\u00bb hover_enabled=\u00bb0&#8243; title_font_size_tablet=\u00bb40px\u00bb title_font_size_phone=\u00bb30px\u00bb title_font_size_last_edited=\u00bbon|phone\u00bb subhead_font_size_tablet=\u00bb\u00bb subhead_font_size_phone=\u00bb18px\u00bb subhead_font_size_last_edited=\u00bbon|phone\u00bb title_text_shadow_style=\u00bbpreset4&#8243; title_text_shadow_color=\u00bbrgba(0,0,0,0.64)\u00bb global_colors_info=\u00bb{}\u00bb sticky_enabled=\u00bb0&#8243;][\/et_pb_fullwidth_header][\/et_pb_section][et_pb_section fb_built=\u00bb1&#8243; _builder_version=\u00bb4.18.0&#8243; _module_preset=\u00bbdefault\u00bb global_colors_info=\u00bb{}\u00bb][et_pb_row _builder_version=\u00bb4.18.0&#8243; _module_preset=\u00bbdefault\u00bb global_colors_info=\u00bb{}\u00bb][et_pb_column type=\u00bb4_4&#8243; _builder_version=\u00bb4.18.0&#8243; _module_preset=\u00bbdefault\u00bb global_colors_info=\u00bb{}\u00bb][lwp_divi_breadcrumbs _builder_version=\u00bb4.18.0&#8243; _module_preset=\u00bbdefault\u00bb global_colors_info=\u00bb{}\u00bb][\/lwp_divi_breadcrumbs][\/et_pb_column][\/et_pb_row][\/et_pb_section][et_pb_section fb_built=\u00bb1&#8243; _builder_version=\u00bb4.17.4&#8243; _module_preset=\u00bbdefault\u00bb background_image=\u00bbhttps:\/\/iris3.net\/wp-content\/uploads\/2021\/10\/church-04.jpg\u00bb global_colors_info=\u00bb{}\u00bb][et_pb_row admin_label=\u00bbfila\u00bb _builder_version=\u00bb4.17.4&#8243; background_enable_color=\u00bboff\u00bb background_enable_image=\u00bboff\u00bb background_size=\u00bbinitial\u00bb background_position=\u00bbtop_left\u00bb background_repeat=\u00bbrepeat\u00bb width=\u00bb87%\u00bb border_color_all=\u00bb#FFFFFF\u00bb global_colors_info=\u00bb{}\u00bb][et_pb_column type=\u00bb4_4&#8243; _builder_version=\u00bb4.17.4&#8243; custom_padding=\u00bb|||\u00bb global_colors_info=\u00bb{}\u00bb custom_padding__hover=\u00bb|||\u00bb][et_pb_post_title meta=\u00bboff\u00bb _builder_version=\u00bb4.17.4&#8243; _module_preset=\u00bbdefault\u00bb title_font=\u00bb|||on|||||\u00bb background_enable_image=\u00bboff\u00bb global_colors_info=\u00bb{}\u00bb][\/et_pb_post_title][\/et_pb_column][\/et_pb_row][\/et_pb_section][et_pb_section fb_built=\u00bb1&#8243; admin_label=\u00bbsection\u00bb _builder_version=\u00bb4.17.4&#8243; global_colors_info=\u00bb{}\u00bb][et_pb_row module_id=\u00bbmore\u00bb _builder_version=\u00bb4.17.4&#8243; _module_preset=\u00bbdefault\u00bb width=\u00bb45%\u00bb custom_margin=\u00bb-40px||||false|false\u00bb custom_padding=\u00bb0px||||false|false\u00bb global_colors_info=\u00bb{}\u00bb][et_pb_column type=\u00bb4_4&#8243; _builder_version=\u00bb4.17.4&#8243; _module_preset=\u00bbdefault\u00bb global_colors_info=\u00bb{}\u00bb][et_pb_text _builder_version=\u00bb4.17.4&#8243; _module_preset=\u00bbdefault\u00bb text_font_size=\u00bb24px\u00bb text_line_height=\u00bb1.9em\u00bb global_colors_info=\u00bb{}\u00bb]<\/p>\n<p>1. Del Concilio Vaticano II: \u201cLa semilla de eternidad que en s\u00ed lleva, por ser irreducible a la sola materia, se levanta contra la muerte. Todos los esfuerzos de la t\u00e9cnica moderna, por muy \u00fatiles que sea, no pueden calmar esta ansiedad del hombre: la pr\u00f3rroga de la longevidad que hoy proporciona la biolog\u00eda no puede satisfacer ese deseo del m\u00e1s all\u00e1 que surge ineluctablemente del coraz\u00f3n humano. Mientras toda imaginaci\u00f3n fracasa ante la muerte, la Iglesia, aleccionada por la Revelaci\u00f3n divina, afirma que el hombre ha sido creado por Dios para un destino feliz situado m\u00e1s all\u00e1 de las fronteras de la miseria terrestre. La fe cristiana ense\u00f1a que la muerte corporal, que entr\u00f3 en la historia a consecuencia del pecado, ser\u00e1 vencida cuando el omnipotente y misericordioso Salvador restituya al hombre en la salvaci\u00f3n perdida por el pecado (22). Dios ha llamado y llama al hombre a adherirse a \u00c9l con la total plenitud de su ser en la perpetua comuni\u00f3n de la incorruptible vida divina. Ha sido Cristo resucitado el que ha ganado esta victoria para el hombre, liber\u00e1ndolo de la muerte con su propia muerte (23).<\/p>\n<p>Para todo hombre que reflexione, la fe, apoyada en s\u00f3lidos argumentos, responde satisfactoriamente al interrogante angustioso sobre el destino futuro del hombre y al mismo tiempo ofrece la posibilidad de una comuni\u00f3n con nuestros mismos queridos hermanos arrebatados por la muerte, d\u00e1ndonos la esperanza de que poseen ya en Dios la vida verdadera\u201d. (Const. Past.<span> <\/span><em>Gaudium et spes,<span> <\/span><\/em>18).<\/p>\n<p>2. Del Catecismo de la Iglesia Cat\u00f3lica: \u201cEl hombre: Con su apertura a la verdad y a la belleza, con su sentido del bien moral, con su libertad y la voz de su conciencia, con su aspiraci\u00f3n al infinito y a la dicha, el hombre se interroga sobre la existencia de Dios. En todo esto se perciben signos de su alma espiritual. La \u00absemilla de eternidad que lleva en s\u00ed, al ser irreductible a la sola materia\u00bb, su alma, no puede tener origen m\u00e1s que en Dios\u201d. (n. 33)<\/p>\n<p>[\/et_pb_text][\/et_pb_column][\/et_pb_row][\/et_pb_section]<\/p>\n","protected":false},"excerpt":{"rendered":"<p><div class=\"et_pb_module lwp_divi_breadcrumbs lwp_divi_breadcrumbs_0\">\n\t\t\t\t\n\t\t\t\t\n\t\t\t\t\n\t\t\t\t\n\t\t\t\t\n\t\t\t\t\n\t\t\t\t<div class=\"et_pb_module_inner\">\n\t\t\t\t\t<div class=\"lwp-breadcrumbs\"> <span class=\"before\"><\/span> <span vocab=\"https:\/\/schema.org\/\" typeof=\"BreadcrumbList\"><span property=\"itemListElement\" typeof=\"ListItem\"><a property=\"item\" typeof=\"WebPage\" href=\"https:\/\/iris3.net\/es\/\" class=\"home\"><span property=\"name\">Home<\/span><\/a><meta property=\"position\" content=\"1\"><\/span> <span class=\"separator et-pb-icon\">&amp;#x39;<\/span> <\/span><\/div>\n\t\t\t\t<\/div>\n\t\t\t<\/div>1. Del Concilio Vaticano II: \u201cLa semilla de eternidad que en s\u00ed lleva, por ser irreducible a la sola materia, se levanta contra la muerte. Todos los esfuerzos de la t\u00e9cnica moderna, por muy \u00fatiles que sea, no pueden calmar esta ansiedad del hombre: la pr\u00f3rroga de la longevidad que hoy proporciona [&hellip;]<\/p>\n","protected":false},"author":1,"featured_media":0,"parent":5497,"menu_order":0,"comment_status":"closed","ping_status":"closed","template":"","meta":{"_et_pb_use_builder":"on","_et_pb_old_content":"","_et_gb_content_width":"","footnotes":""},"class_list":["post-5612","page","type-page","status-publish","hentry"],"_links":{"self":[{"href":"https:\/\/iris3.net\/es\/wp-json\/wp\/v2\/pages\/5612","targetHints":{"allow":["GET"]}}],"collection":[{"href":"https:\/\/iris3.net\/es\/wp-json\/wp\/v2\/pages"}],"about":[{"href":"https:\/\/iris3.net\/es\/wp-json\/wp\/v2\/types\/page"}],"author":[{"embeddable":true,"href":"https:\/\/iris3.net\/es\/wp-json\/wp\/v2\/users\/1"}],"replies":[{"embeddable":true,"href":"https:\/\/iris3.net\/es\/wp-json\/wp\/v2\/comments?post=5612"}],"version-history":[{"count":2,"href":"https:\/\/iris3.net\/es\/wp-json\/wp\/v2\/pages\/5612\/revisions"}],"predecessor-version":[{"id":5614,"href":"https:\/\/iris3.net\/es\/wp-json\/wp\/v2\/pages\/5612\/revisions\/5614"}],"up":[{"embeddable":true,"href":"https:\/\/iris3.net\/es\/wp-json\/wp\/v2\/pages\/5497"}],"wp:attachment":[{"href":"https:\/\/iris3.net\/es\/wp-json\/wp\/v2\/media?parent=5612"}],"curies":[{"name":"wp","href":"https:\/\/api.w.org\/{rel}","templated":true}]}}