{"id":5695,"date":"2024-03-19T17:11:37","date_gmt":"2024-03-19T17:11:37","guid":{"rendered":"https:\/\/iris3.net\/espiritualidad-y-teologia\/"},"modified":"2025-06-09T16:42:04","modified_gmt":"2025-06-09T16:42:04","slug":"espiritualidad-y-teologia","status":"publish","type":"page","link":"https:\/\/iris3.net\/es\/espiritualidad-y-teologia\/","title":{"rendered":"Espiritualidad y Teolog\u00eda"},"content":{"rendered":"<p>[et_pb_section fb_built=\u00bb1&#8243; fullwidth=\u00bbon\u00bb admin_label=\u00bbHeader\u00bb _builder_version=\u00bb4.16&#8243; _module_preset=\u00bbdefault\u00bb background_image=\u00bbhttps:\/\/iris3.net\/wp-content\/uploads\/2021\/10\/church-16.jpg\u00bb parallax=\u00bbon\u00bb global_colors_info=\u00bb{}\u00bb][et_pb_fullwidth_header title=\u00bbEspiritualidad y Teolog\u00eda\u00bb text_orientation=\u00bbcenter\u00bb button_two_text=\u00bbDona ahora\u00bb button_two_url=\u00bbhttps:\/\/www.paypal.com\/donate\/?hosted_button_id=XRK24XSTUQYXY\u00bb _builder_version=\u00bb4.24.2&#8243; _module_preset=\u00bbdefault\u00bb title_font=\u00bbDidact Gothic|||on|||||\u00bb title_font_size=\u00bb60px\u00bb title_line_height=\u00bb1.3em\u00bb content_font=\u00bb||||||||\u00bb content_font_size=\u00bb16px\u00bb content_line_height=\u00bb2em\u00bb subhead_font=\u00bbDidact Gothic||||||||\u00bb subhead_font_size=\u00bb20px\u00bb subhead_line_height=\u00bb1.8em\u00bb background_color=\u00bbrgba(0,0,0,0)\u00bb use_background_color_gradient=\u00bbon\u00bb background_color_gradient_type=\u00bbcircular\u00bb background_color_gradient_stops=\u00bbrgba(102,133,221,0.37) 0%|rgba(31,31,71,0.81) 53%\u00bb background_color_gradient_start=\u00bbrgba(102,133,221,0.37)\u00bb background_color_gradient_end=\u00bbrgba(31,31,71,0.81)\u00bb background_color_gradient_end_position=\u00bb53%\u00bb background_image=\u00bbhttps:\/\/iris3.net\/wp-content\/uploads\/2024\/03\/teologia.jpg\u00bb parallax=\u00bbon\u00bb custom_button_one=\u00bbon\u00bb button_one_text_size=\u00bb16px\u00bb button_one_text_color=\u00bb#ffffff\u00bb button_one_bg_color=\u00bb#a0beef\u00bb button_one_border_width=\u00bb8px\u00bb button_one_border_color=\u00bbrgba(0,0,0,0)\u00bb button_one_border_radius=\u00bb0px\u00bb button_one_letter_spacing=\u00bb3px\u00bb button_one_font=\u00bbDidact Gothic|700||on|||||\u00bb button_one_use_icon=\u00bboff\u00bb custom_button_two=\u00bbon\u00bb button_two_text_size=\u00bb16px\u00bb button_two_text_color=\u00bb#34587c\u00bb button_two_bg_color=\u00bb#ffffff\u00bb button_two_border_width=\u00bb8px\u00bb button_two_border_color=\u00bbrgba(0,0,0,0)\u00bb button_two_border_radius=\u00bb0px\u00bb button_two_letter_spacing=\u00bb3px\u00bb button_two_font=\u00bbDidact Gothic|700||on|||||\u00bb button_two_use_icon=\u00bboff\u00bb custom_padding=\u00bb10vw||20vw\u00bb custom_padding_tablet=\u00bb\u00bb custom_padding_phone=\u00bb||80px\u00bb custom_padding_last_edited=\u00bbon|phone\u00bb animation_style=\u00bbfade\u00bb animation_starting_opacity=\u00bb45%\u00bb title_font_size_tablet=\u00bb40px\u00bb title_font_size_phone=\u00bb30px\u00bb title_font_size_last_edited=\u00bbon|phone\u00bb subhead_font_size_tablet=\u00bb\u00bb subhead_font_size_phone=\u00bb18px\u00bb subhead_font_size_last_edited=\u00bbon|phone\u00bb title_text_shadow_style=\u00bbpreset4&#8243; title_text_shadow_color=\u00bbrgba(0,0,0,0.64)\u00bb global_colors_info=\u00bb{}\u00bb][\/et_pb_fullwidth_header][\/et_pb_section][et_pb_section fb_built=\u00bb1&#8243; _builder_version=\u00bb4.19.2&#8243; _module_preset=\u00bbdefault\u00bb global_colors_info=\u00bb{}\u00bb][et_pb_row _builder_version=\u00bb4.19.2&#8243; _module_preset=\u00bbdefault\u00bb global_colors_info=\u00bb{}\u00bb][et_pb_column type=\u00bb4_4&#8243; _builder_version=\u00bb4.19.2&#8243; _module_preset=\u00bbdefault\u00bb global_colors_info=\u00bb{}\u00bb][lwp_divi_breadcrumbs _builder_version=\u00bb4.19.2&#8243; _module_preset=\u00bbdefault\u00bb global_colors_info=\u00bb{}\u00bb][\/lwp_divi_breadcrumbs][\/et_pb_column][\/et_pb_row][\/et_pb_section][et_pb_section fb_built=\u00bb1&#8243; admin_label=\u00bbsection\u00bb _builder_version=\u00bb4.16&#8243; global_colors_info=\u00bb{}\u00bb][et_pb_row admin_label=\u00bbfila\u00bb _builder_version=\u00bb4.24.2&#8243; background_size=\u00bbinitial\u00bb background_position=\u00bbtop_left\u00bb background_repeat=\u00bbrepeat\u00bb link_option_url=\u00bbhttps:\/\/www.paypal.com\/donate\/?hosted_button_id=6GRMS8XH4S9SG\u00bb global_colors_info=\u00bb{}\u00bb][et_pb_column type=\u00bb4_4&#8243; _builder_version=\u00bb4.24.2&#8243; custom_padding=\u00bb|||\u00bb global_colors_info=\u00bb{}\u00bb custom_padding__hover=\u00bb|||\u00bb][et_pb_text admin_label=\u00bbText\u00bb _builder_version=\u00bb4.27.4&#8243; background_size=\u00bbinitial\u00bb background_position=\u00bbtop_left\u00bb background_repeat=\u00bbrepeat\u00bb hover_enabled=\u00bb0&#8243; global_colors_info=\u00bb{}\u00bb text_text_color=\u00bb#000000&#8243; text_font_size=\u00bb21px\u00bb sticky_enabled=\u00bb0&#8243;]<\/p>\n<p>\u00bfPor qu\u00e9 el ser humano se esfuerza m\u00e1s all\u00e1 de lo invisible? \u00bfQu\u00e9 le impulsa a buscar su origen en Dios, un Ser Superior a todo y a todos, el Eterno? \u00bfC\u00f3mo reconoces Sus manifestaciones y te relacionas con Su comunicaci\u00f3n? De esto nos habla el Evangelio (cf. Jn 20,31). \u00bfGracias a qu\u00e9 capacidad, distinta del pensamiento y del sentimiento, de la fantas\u00eda alienante o de la necesidad proyectiva, es capaz el ser humano de relacionarse con Aquel a quien llamamos Dios y de poder adorarlo con libertad y amor? \u00bfDe qu\u00e9 dispone el ser humano sino del alma espiritual, \u00abcreada a su imagen y semejanza\u00bb, para estudiar y distinguir lo que es propiamente de Dios de lo que es humano y natural, para luego poder dirigirse a \u00c9l con certeza, en verdad y sin alienaci\u00f3n? Como afirma la Biblia en el Qohelet (cf. 3,11), Dios ha puesto en el coraz\u00f3n de los seres humanos \u201cla noci\u00f3n de eternidad\u201d.<\/p>\n<p><a href=\"https:\/\/www.paypal.com\/donate\/?hosted_button_id=XRK24XSTUQYXY\" target=\"_blank\" rel=\"noopener\"><span style=\"font-size: 17px;\"><img loading=\"lazy\" decoding=\"async\" src=\"https:\/\/iris3.net\/wp-content\/uploads\/2022\/06\/Indice.png\" width=\"62\" height=\"60\" alt=\"\" class=\"wp-image-4243 alignnone size-full\" style=\"display: block; margin-left: auto; margin-right: auto;\" \/><\/span><\/a><\/p>\n<p style=\"text-align: center;\"><a href=\"https:\/\/www.paypal.com\/donate\/?hosted_button_id=XRK24XSTUQYXY\" target=\"_blank\" rel=\"noopener\"><span style=\"color: #800000;\"><strong>SOSTIENE EL PROYECTO<\/strong><\/span><\/a><\/p>\n<p><a href=\"https:\/\/www.paypal.com\/donate\/?hosted_button_id=PJBCE3XB62W4S\" target=\"_blank\" rel=\"noopener\"><\/a><\/p>\n<p><a href=\"https:\/\/www.paypal.com\/donate\/?hosted_button_id=PJBCE3XB62W4S\" target=\"_blank\" rel=\"noopener\"><\/a><\/p>\n<p><a href=\"https:\/\/www.paypal.com\/donate\/?hosted_button_id=PJBCE3XB62W4S\" target=\"_blank\" rel=\"noopener\"><\/a><\/p>\n<p><a href=\"https:\/\/www.paypal.com\/donate\/?hosted_button_id=PJBCE3XB62W4S\" target=\"_blank\" rel=\"noopener\"><\/a><\/p>\n<p><a href=\"https:\/\/www.paypal.com\/donate\/?hosted_button_id=PJBCE3XB62W4S\" target=\"_blank\" rel=\"noopener\"><\/a><\/p>\n<p><a href=\"https:\/\/www.paypal.com\/donate\/?hosted_button_id=PJBCE3XB62W4S\" target=\"_blank\" rel=\"noopener\"><\/a><\/p>\n<div style=\"height: 100px;\" aria-hidden=\"true\" class=\"wp-block-spacer\"><\/div>\n<p>&nbsp;<\/p>\n<p>[\/et_pb_text][\/et_pb_column][\/et_pb_row][\/et_pb_section]<\/p>\n","protected":false},"excerpt":{"rendered":"<p><div class=\"et_pb_module lwp_divi_breadcrumbs lwp_divi_breadcrumbs_0\">\n\t\t\t\t\n\t\t\t\t\n\t\t\t\t\n\t\t\t\t\n\t\t\t\t\n\t\t\t\t\n\t\t\t\t<div class=\"et_pb_module_inner\">\n\t\t\t\t\t<div class=\"lwp-breadcrumbs\"> <span class=\"before\"><\/span> <span vocab=\"https:\/\/schema.org\/\" typeof=\"BreadcrumbList\"><span property=\"itemListElement\" typeof=\"ListItem\"><a property=\"item\" typeof=\"WebPage\" href=\"https:\/\/iris3.net\/es\/\" class=\"home\"><span property=\"name\">Home<\/span><\/a><meta property=\"position\" content=\"1\"><\/span> <span class=\"separator et-pb-icon\">&amp;#x39;<\/span> <\/span><\/div>\n\t\t\t\t<\/div>\n\t\t\t<\/div>\u00bfPor qu\u00e9 el ser humano se esfuerza m\u00e1s all\u00e1 de lo invisible? \u00bfQu\u00e9 le impulsa a buscar su origen en Dios, un Ser Superior a todo y a todos, el Eterno? \u00bfC\u00f3mo reconoces Sus manifestaciones y te relacionas con Su comunicaci\u00f3n? De esto nos habla el Evangelio (cf. Jn 20,31). \u00bfGracias a [&hellip;]<\/p>\n","protected":false},"author":1,"featured_media":0,"parent":0,"menu_order":0,"comment_status":"closed","ping_status":"closed","template":"","meta":{"_et_pb_use_builder":"on","_et_pb_old_content":"","_et_gb_content_width":"","footnotes":""},"class_list":["post-5695","page","type-page","status-publish","hentry"],"_links":{"self":[{"href":"https:\/\/iris3.net\/es\/wp-json\/wp\/v2\/pages\/5695","targetHints":{"allow":["GET"]}}],"collection":[{"href":"https:\/\/iris3.net\/es\/wp-json\/wp\/v2\/pages"}],"about":[{"href":"https:\/\/iris3.net\/es\/wp-json\/wp\/v2\/types\/page"}],"author":[{"embeddable":true,"href":"https:\/\/iris3.net\/es\/wp-json\/wp\/v2\/users\/1"}],"replies":[{"embeddable":true,"href":"https:\/\/iris3.net\/es\/wp-json\/wp\/v2\/comments?post=5695"}],"version-history":[{"count":5,"href":"https:\/\/iris3.net\/es\/wp-json\/wp\/v2\/pages\/5695\/revisions"}],"predecessor-version":[{"id":6483,"href":"https:\/\/iris3.net\/es\/wp-json\/wp\/v2\/pages\/5695\/revisions\/6483"}],"wp:attachment":[{"href":"https:\/\/iris3.net\/es\/wp-json\/wp\/v2\/media?parent=5695"}],"curies":[{"name":"wp","href":"https:\/\/api.w.org\/{rel}","templated":true}]}}